{"id":1784,"date":"2025-06-14T08:16:33","date_gmt":"2025-06-14T06:16:33","guid":{"rendered":"https:\/\/www.therosaliabcn.com\/?page_id=1784"},"modified":"2025-07-08T18:25:17","modified_gmt":"2025-07-08T16:25:17","slug":"reservas","status":"publish","type":"page","link":"https:\/\/www.therosaliabcn.com\/fr\/reservations\/","title":{"rendered":"R\u00e9servations"},"content":{"rendered":"<div data-elementor-type=\"wp-page\" data-elementor-id=\"1784\" class=\"elementor elementor-1784\" data-elementor-post-type=\"page\">\n\t\t\t\t\t\t<section class=\"elementor-section elementor-top-section elementor-element elementor-element-5523f3c1 elementor-section-full_width elementor-section-height-min-height elementor-section-height-default elementor-section-items-middle\" data-id=\"5523f3c1\" data-element_type=\"section\" data-settings=\"{&quot;background_background&quot;:&quot;classic&quot;}\">\n\t\t\t\t\t\t\t<div class=\"elementor-background-overlay\"><\/div>\n\t\t\t\t\t\t\t<div class=\"elementor-container elementor-column-gap-default\">\n\t\t\t\t\t<div class=\"elementor-column elementor-col-100 elementor-top-column elementor-element elementor-element-7b3ed208\" data-id=\"7b3ed208\" data-element_type=\"column\" data-settings=\"{&quot;background_background&quot;:&quot;classic&quot;}\">\n\t\t\t<div class=\"elementor-widget-wrap elementor-element-populated\">\n\t\t\t\t\t<div class=\"elementor-background-overlay\"><\/div>\n\t\t\t\t\t\t<div class=\"elementor-element elementor-element-384df417 animated-fast elementor-invisible elementor-widget elementor-widget-heading\" data-id=\"384df417\" data-element_type=\"widget\" data-settings=\"{&quot;_animation&quot;:&quot;slideInUp&quot;}\" data-widget_type=\"heading.default\">\n\t\t\t\t<div class=\"elementor-widget-container\">\n\t\t\t\t\t<h1 class=\"elementor-heading-title elementor-size-default\">R\u00e9servations<\/h1>\t\t\t\t<\/div>\n\t\t\t\t<\/div>\n\t\t\t\t\t<\/div>\n\t\t<\/div>\n\t\t\t\t\t<\/div>\n\t\t<\/section>\n\t\t\t\t<section class=\"elementor-section elementor-top-section elementor-element elementor-element-341938e6 elementor-section-boxed elementor-section-height-default elementor-section-height-default\" data-id=\"341938e6\" data-element_type=\"section\" data-settings=\"{&quot;background_background&quot;:&quot;classic&quot;}\">\n\t\t\t\t\t\t<div class=\"elementor-container elementor-column-gap-default\">\n\t\t\t\t\t<div class=\"elementor-column elementor-col-100 elementor-top-column elementor-element elementor-element-578fd5c\" data-id=\"578fd5c\" data-element_type=\"column\" data-settings=\"{&quot;background_background&quot;:&quot;classic&quot;}\">\n\t\t\t<div class=\"elementor-widget-wrap elementor-element-populated\">\n\t\t\t\t<div class=\"elementor-element elementor-element-90a74dd e-flex e-con-boxed e-con e-parent\" data-id=\"90a74dd\" data-element_type=\"container\">\n\t\t\t\t\t<div class=\"e-con-inner\">\n\t\t\t\t<div class=\"elementor-element elementor-element-475dbcc elementor-widget elementor-widget-image\" data-id=\"475dbcc\" data-element_type=\"widget\" data-widget_type=\"image.default\">\n\t\t\t\t<div class=\"elementor-widget-container\">\n\t\t\t\t\t\t\t\t\t\t\t\t\t\t\t<img fetchpriority=\"high\" decoding=\"async\" width=\"225\" height=\"300\" src=\"https:\/\/www.therosaliabcn.com\/wp-content\/uploads\/2025\/07\/taxi-barcelona-a-virgen-de-montserrat-_1_-225x300.webp\" class=\"attachment-medium size-medium wp-image-2170\" alt=\"taxi-barcelona-a-virgen-de-montserrat-_1_\" srcset=\"https:\/\/www.therosaliabcn.com\/wp-content\/uploads\/2025\/07\/taxi-barcelona-a-virgen-de-montserrat-_1_-225x300.webp 225w, https:\/\/www.therosaliabcn.com\/wp-content\/uploads\/2025\/07\/taxi-barcelona-a-virgen-de-montserrat-_1_-9x12.webp 9w, https:\/\/www.therosaliabcn.com\/wp-content\/uploads\/2025\/07\/taxi-barcelona-a-virgen-de-montserrat-_1_.webp 600w\" sizes=\"(max-width: 225px) 100vw, 225px\" \/>\t\t\t\t\t\t\t\t\t\t\t\t\t\t\t<\/div>\n\t\t\t\t<\/div>\n\t\t\t\t<div class=\"elementor-element elementor-element-623f9f7 elementor-widget elementor-widget-text-editor\" data-id=\"623f9f7\" data-element_type=\"widget\" data-widget_type=\"text-editor.default\">\n\t\t\t\t<div class=\"elementor-widget-container\">\n\t\t\t\t\t\t\t\t\t<p><strong>The Rosalia BCN<\/strong> The Rosalia BCN est l\u2019un des meilleurs restaurants de Barcelone, id\u00e9al pour celles et ceux qui veulent vivre une exp\u00e9rience gastronomique compl\u00e8te et visuelle, de jour comme de nuit.<\/p><p>Profite d\u2019un brunch cr\u00e9atif avec pancakes fluffy, French toasts, matcha latte, \u0153ufs B\u00e9n\u00e9dicte, toasts fusion et cocktails color\u00e9s dans un cadre floral unique pr\u00e8s du Port F\u00f2rum.<\/p><p>At night, discover our <strong>exp\u00e9rience de d\u00eener fusion<\/strong>risottos italiens r\u00e9invent\u00e9s, viandes Black Angus, plats gourmets et cocktails signature. Avec musique live, lumi\u00e8re tamis\u00e9e et terrasse \u00e9l\u00e9gante avec shisha premium, Rosalia transforme ta soir\u00e9e en un moment inoubliable.<\/p><p>\ud83d\udc49 <strong>R\u00e9serve ta table d\u00e8s maintenant<\/strong> et d\u00e9couvre pourquoi Rosalia est bien plus qu\u2019un simple restaurant.<\/p>\t\t\t\t\t\t\t\t<\/div>\n\t\t\t\t<\/div>\n\t\t\t\t\t<\/div>\n\t\t\t\t<\/div>\n\t\t\t\t<div class=\"elementor-element elementor-element-137bf72 elementor-widget elementor-widget-html\" data-id=\"137bf72\" data-element_type=\"widget\" data-widget_type=\"html.default\">\n\t\t\t\t<div class=\"elementor-widget-container\">\n\t\t\t\t\t    <div id=\"contenedor-reserva\">\n        <script type=\"text\/javascript\" src=\"https:\/\/www.covermanager.com\/js\/iframeResizer.min.js\"><\/script>\n        <iframe id=\"iframe-reserva\" title=\"R\u00e9servations\"\n            src=\"\"\n            allow=\"payment\" frameborder=\"0\" height=\"550\" width=\"100%\" onload=\"iFrameResize();\"><\/iframe>\n\n        <script>\n            document.addEventListener(\"DOMContentLoaded\", function () {\n                var idioma = document.documentElement.lang || \"es\";\n                var iframe = document.getElementById(\"iframe-reserva\");\n\n                if (idioma.startsWith(\"fr\")) {\n                    iframe.src = \"https:\/\/www.covermanager.com\/reservation\/module_restaurant\/the-rosalia-bcn\/french\";\n                } else if (idioma.startsWith(\"en\")) {\n                    iframe.src = \"https:\/\/www.covermanager.com\/reservation\/module_restaurant\/the-rosalia-bcn\/english\";\n                } else {\n                    iframe.src = \"https:\/\/www.covermanager.com\/reservation\/module_restaurant\/the-rosalia-bcn\/spanish\";\n                }\n            });\n        <\/script>\n    <\/div>\n    \t\t\t\t<\/div>\n\t\t\t\t<\/div>\n\t\t\t\t\t<\/div>\n\t\t<\/div>\n\t\t\t\t\t<\/div>\n\t\t<\/section>\n\t\t\t\t<\/div>","protected":false},"excerpt":{"rendered":"<p>The Rosalia BCN es uno de los meyor restaurantes en Barcelona, ideal para quienes desean vivir una experiencia gastron\u00f3mica visual y completa, tanto de d\u00eda como de noche. Disfruta de un brunch creativo con pancakes fluffy, french toasts, matcha latte, huevos Benedict,Tostadas y c\u00f3cteles intagrameable, en un ambiente floral \u00fanico cerca del Port F\u00f2rum. Por [&hellip;]<\/p>","protected":false},"author":1,"featured_media":0,"parent":0,"menu_order":0,"comment_status":"closed","ping_status":"closed","template":"elementor_header_footer","meta":{"_joinchat":[],"footnotes":""},"class_list":["post-1784","page","type-page","status-publish","hentry"],"_links":{"self":[{"href":"https:\/\/www.therosaliabcn.com\/fr\/wp-json\/wp\/v2\/pages\/1784","targetHints":{"allow":["GET"]}}],"collection":[{"href":"https:\/\/www.therosaliabcn.com\/fr\/wp-json\/wp\/v2\/pages"}],"about":[{"href":"https:\/\/www.therosaliabcn.com\/fr\/wp-json\/wp\/v2\/types\/page"}],"author":[{"embeddable":true,"href":"https:\/\/www.therosaliabcn.com\/fr\/wp-json\/wp\/v2\/users\/1"}],"replies":[{"embeddable":true,"href":"https:\/\/www.therosaliabcn.com\/fr\/wp-json\/wp\/v2\/comments?post=1784"}],"version-history":[{"count":31,"href":"https:\/\/www.therosaliabcn.com\/fr\/wp-json\/wp\/v2\/pages\/1784\/revisions"}],"predecessor-version":[{"id":2264,"href":"https:\/\/www.therosaliabcn.com\/fr\/wp-json\/wp\/v2\/pages\/1784\/revisions\/2264"}],"wp:attachment":[{"href":"https:\/\/www.therosaliabcn.com\/fr\/wp-json\/wp\/v2\/media?parent=1784"}],"curies":[{"name":"wp","href":"https:\/\/api.w.org\/{rel}","templated":true}]}}