{"id":2269,"date":"2025-07-20T17:21:32","date_gmt":"2025-07-20T15:21:32","guid":{"rendered":"https:\/\/www.therosaliabcn.com\/?page_id=2269"},"modified":"2025-07-20T17:27:18","modified_gmt":"2025-07-20T15:27:18","slug":"reservas-halal","status":"publish","type":"page","link":"https:\/\/www.therosaliabcn.com\/en\/reservas-halal\/","title":{"rendered":"Reservas Halal"},"content":{"rendered":"<div data-elementor-type=\"wp-page\" data-elementor-id=\"2269\" class=\"elementor elementor-2269\" data-elementor-post-type=\"page\">\n\t\t\t\t\t\t<section class=\"elementor-section elementor-top-section elementor-element elementor-element-5523f3c1 elementor-section-full_width elementor-section-height-min-height elementor-section-height-default elementor-section-items-middle\" data-id=\"5523f3c1\" data-element_type=\"section\" data-settings=\"{&quot;background_background&quot;:&quot;classic&quot;}\">\n\t\t\t\t\t\t\t<div class=\"elementor-background-overlay\"><\/div>\n\t\t\t\t\t\t\t<div class=\"elementor-container elementor-column-gap-default\">\n\t\t\t\t\t<div class=\"elementor-column elementor-col-100 elementor-top-column elementor-element elementor-element-7b3ed208\" data-id=\"7b3ed208\" data-element_type=\"column\" data-settings=\"{&quot;background_background&quot;:&quot;classic&quot;}\">\n\t\t\t<div class=\"elementor-widget-wrap elementor-element-populated\">\n\t\t\t\t\t<div class=\"elementor-background-overlay\"><\/div>\n\t\t\t\t\t\t<div class=\"elementor-element elementor-element-384df417 animated-fast elementor-invisible elementor-widget elementor-widget-heading\" data-id=\"384df417\" data-element_type=\"widget\" data-settings=\"{&quot;_animation&quot;:&quot;slideInUp&quot;}\" data-widget_type=\"heading.default\">\n\t\t\t\t<div class=\"elementor-widget-container\">\n\t\t\t\t\t<h1 class=\"elementor-heading-title elementor-size-default\">Reservas Halal<\/h1>\t\t\t\t<\/div>\n\t\t\t\t<\/div>\n\t\t\t\t\t<\/div>\n\t\t<\/div>\n\t\t\t\t\t<\/div>\n\t\t<\/section>\n\t\t\t\t<section class=\"elementor-section elementor-top-section elementor-element elementor-element-341938e6 elementor-section-boxed elementor-section-height-default elementor-section-height-default\" data-id=\"341938e6\" data-element_type=\"section\" data-settings=\"{&quot;background_background&quot;:&quot;classic&quot;}\">\n\t\t\t\t\t\t<div class=\"elementor-container elementor-column-gap-default\">\n\t\t\t\t\t<div class=\"elementor-column elementor-col-100 elementor-top-column elementor-element elementor-element-578fd5c\" data-id=\"578fd5c\" data-element_type=\"column\" data-settings=\"{&quot;background_background&quot;:&quot;classic&quot;}\">\n\t\t\t<div class=\"elementor-widget-wrap elementor-element-populated\">\n\t\t\t\t<div class=\"elementor-element elementor-element-90a74dd e-flex e-con-boxed e-con e-parent\" data-id=\"90a74dd\" data-element_type=\"container\">\n\t\t\t\t\t<div class=\"e-con-inner\">\n\t\t\t\t<div class=\"elementor-element elementor-element-475dbcc elementor-widget elementor-widget-image\" data-id=\"475dbcc\" data-element_type=\"widget\" data-widget_type=\"image.default\">\n\t\t\t\t<div class=\"elementor-widget-container\">\n\t\t\t\t\t\t\t\t\t\t\t\t\t\t\t<img fetchpriority=\"high\" decoding=\"async\" width=\"225\" height=\"300\" src=\"https:\/\/www.therosaliabcn.com\/wp-content\/uploads\/2025\/07\/taxi-barcelona-a-virgen-de-montserrat-_1_-225x300.webp\" class=\"attachment-medium size-medium wp-image-2170\" alt=\"taxi-barcelona-a-virgen-de-montserrat-_1_\" srcset=\"https:\/\/www.therosaliabcn.com\/wp-content\/uploads\/2025\/07\/taxi-barcelona-a-virgen-de-montserrat-_1_-225x300.webp 225w, https:\/\/www.therosaliabcn.com\/wp-content\/uploads\/2025\/07\/taxi-barcelona-a-virgen-de-montserrat-_1_-9x12.webp 9w, https:\/\/www.therosaliabcn.com\/wp-content\/uploads\/2025\/07\/taxi-barcelona-a-virgen-de-montserrat-_1_.webp 600w\" sizes=\"(max-width: 225px) 100vw, 225px\" \/>\t\t\t\t\t\t\t\t\t\t\t\t\t\t\t<\/div>\n\t\t\t\t<\/div>\n\t\t\t\t<div class=\"elementor-element elementor-element-623f9f7 elementor-widget elementor-widget-text-editor\" data-id=\"623f9f7\" data-element_type=\"widget\" data-widget_type=\"text-editor.default\">\n\t\t\t\t<div class=\"elementor-widget-container\">\n\t\t\t\t\t\t\t\t\t<p data-start=\"689\" data-end=\"890\">En The Rosalia, cada plato es una obra de arte. Trabajamos exclusivamente con <strong data-start=\"767\" data-end=\"802\">carnes 100 % halal certificadas<\/strong>, seleccionadas con rigurosidad para ofrecerte calidad, sabor y respeto por tus valores.<\/p><p data-start=\"892\" data-end=\"904\">Disfruta de:<\/p><p data-start=\"908\" data-end=\"1024\">\ud83e\udd69 <strong data-start=\"911\" data-end=\"935\">Carnes premium halal<\/strong> como el <strong data-start=\"944\" data-end=\"959\">Black Angus<\/strong>, el <strong data-start=\"964\" data-end=\"983\">Magret Imperial<\/strong> o el famoso <strong data-start=\"996\" data-end=\"1024\">A genuine Thai dish showcasing grilled marinated Black Angus sirloin, paired\nwith mashed sweet potatoes and the traditional Nam Jim Jaew sauce.<\/strong><\/p><p data-start=\"1027\" data-end=\"1100\">\ud83c\udf5d Platos fusi\u00f3n \u00fanicos con inspiraci\u00f3n mediterr\u00e1nea, oriental y asi\u00e1tica<\/p><p data-start=\"1103\" data-end=\"1192\">\ud83c\udf70 Propuestas dulces irresistibles en brunch o postres, perfectas para compartir en redes<\/p><p>\ud83d\udc49 <strong>Book your table now<\/strong> and discover why Rosalia is so much more than just a restaurant.<\/p>\t\t\t\t\t\t\t\t<\/div>\n\t\t\t\t<\/div>\n\t\t\t\t\t<\/div>\n\t\t\t\t<\/div>\n\t\t\t\t<div class=\"elementor-element elementor-element-137bf72 elementor-widget elementor-widget-html\" data-id=\"137bf72\" data-element_type=\"widget\" data-widget_type=\"html.default\">\n\t\t\t\t<div class=\"elementor-widget-container\">\n\t\t\t\t\t    <div id=\"contenedor-reserva\">\n        <script type=\"text\/javascript\" src=\"https:\/\/www.covermanager.com\/js\/iframeResizer.min.js\"><\/script>\n        <iframe id=\"iframe-reserva\" title=\"Reservations\"\n            src=\"\"\n            allow=\"payment\" frameborder=\"0\" height=\"550\" width=\"100%\" onload=\"iFrameResize();\"><\/iframe>\n\n        <script>\n            document.addEventListener(\"DOMContentLoaded\", function () {\n                var idioma = document.documentElement.lang || \"es\";\n                var iframe = document.getElementById(\"iframe-reserva\");\n\n                if (idioma.startsWith(\"fr\")) {\n                    iframe.src = \"https:\/\/www.covermanager.com\/reservation\/module_restaurant\/the-rosalia-bcn\/french\";\n                } else if (idioma.startsWith(\"en\")) {\n                    iframe.src = \"https:\/\/www.covermanager.com\/reservation\/module_restaurant\/the-rosalia-bcn\/english\";\n                } else {\n                    iframe.src = \"https:\/\/www.covermanager.com\/reservation\/module_restaurant\/the-rosalia-bcn\/spanish\";\n                }\n            });\n        <\/script>\n    <\/div>\n    \t\t\t\t<\/div>\n\t\t\t\t<\/div>\n\t\t\t\t\t<\/div>\n\t\t<\/div>\n\t\t\t\t\t<\/div>\n\t\t<\/section>\n\t\t\t\t<\/div>","protected":false},"excerpt":{"rendered":"<p>En The Rosalia, cada plato es una obra de arte. Trabajamos exclusivamente con carnes 100 % halal certificadas, seleccionadas con rigurosidad para ofrecerte calidad, sabor y respeto por tus valores. Disfruta de: \ud83e\udd69 Carnes premium halal como el Black Angus, el Magret Imperial o el famoso Bife del tigre que llora \ud83c\udf5d Platos fusi\u00f3n \u00fanicos [&hellip;]<\/p>","protected":false},"author":1,"featured_media":0,"parent":0,"menu_order":0,"comment_status":"closed","ping_status":"closed","template":"elementor_header_footer","meta":{"_joinchat":[],"footnotes":""},"class_list":["post-2269","page","type-page","status-publish","hentry"],"_links":{"self":[{"href":"https:\/\/www.therosaliabcn.com\/en\/wp-json\/wp\/v2\/pages\/2269","targetHints":{"allow":["GET"]}}],"collection":[{"href":"https:\/\/www.therosaliabcn.com\/en\/wp-json\/wp\/v2\/pages"}],"about":[{"href":"https:\/\/www.therosaliabcn.com\/en\/wp-json\/wp\/v2\/types\/page"}],"author":[{"embeddable":true,"href":"https:\/\/www.therosaliabcn.com\/en\/wp-json\/wp\/v2\/users\/1"}],"replies":[{"embeddable":true,"href":"https:\/\/www.therosaliabcn.com\/en\/wp-json\/wp\/v2\/comments?post=2269"}],"version-history":[{"count":4,"href":"https:\/\/www.therosaliabcn.com\/en\/wp-json\/wp\/v2\/pages\/2269\/revisions"}],"predecessor-version":[{"id":2273,"href":"https:\/\/www.therosaliabcn.com\/en\/wp-json\/wp\/v2\/pages\/2269\/revisions\/2273"}],"wp:attachment":[{"href":"https:\/\/www.therosaliabcn.com\/en\/wp-json\/wp\/v2\/media?parent=2269"}],"curies":[{"name":"wp","href":"https:\/\/api.w.org\/{rel}","templated":true}]}}